{"id":26,"date":"2017-09-30T15:59:15","date_gmt":"2017-09-30T12:59:15","guid":{"rendered":"http:\/\/ekampana.com\/?page_id=26"},"modified":"2019-04-21T21:14:19","modified_gmt":"2019-04-21T18:14:19","slug":"iletisim-2","status":"publish","type":"page","link":"http:\/\/ekampana.com\/?page_id=26","title":{"rendered":"\u0130leti\u015fim"},"content":{"rendered":"<p>&nbsp;<\/p>\n<table style=\"height: 330px;\" border=\"0\" width=\"1195\" cellspacing=\"0\" cellpadding=\"0\">\n<tbody>\n<tr>\n<td width=\"647\"><span style=\"color: #808080;\">Adres : Sanayi Sitesi A Blok 15 Nolu Cadde No:3 Gaziantep\/T\u00fcrkiye<\/span><\/p>\n<p><span style=\"color: #808080;\">Tel : +90 342 235 30 34 \u00a0\u00a0+90 342 235 30 44<\/span><\/p>\n<p>mobil1:+90 539 604 33 57 (Kuray Ta\u015fdo\u011fan)<\/p>\n<p><span style=\"color: #808080;\">Mobil2: +90 532 273 28 43\u00a0 (H\u00fcseyin Ta\u015fdo\u011fan)<\/span><\/p>\n<p><span style=\"color: #808080;\">Mobil 3 : +90 539 503 17 47\u00a0 (Tuncay Ta\u015fdo\u011fan)<\/span><\/p>\n<p><span style=\"color: #808080;\">ekampana.com \u00a0erbagcikampana@hotmail.com<\/span><\/p>\n<p>&nbsp;<\/td>\n<td>\u00a0<iframe loading=\"lazy\" style=\"border: 0;\" src=\"https:\/\/www.google.com\/maps\/embed?pb=!1m18!1m12!1m3!1d3182.8411885282367!2d37.42962666226803!3d37.08508915638864!2m3!1f0!2f0!3f0!3m2!1i1024!2i768!4f13.1!3m3!1m2!1s0x1531e5b18b9e9e11%3A0xabb364a6c8afb9fd!2sErbagci+Kampana+Forya+Bijon+%2CFren+Diski!5e0!3m2!1str!2str!4v1507897876465\" width=\"400\" height=\"300\" frameborder=\"0\" allowfullscreen=\"allowfullscreen\"><\/iframe><\/td>\n<\/tr>\n<\/tbody>\n<\/table>\n<p>&nbsp;<\/p>\n","protected":false},"excerpt":{"rendered":"<div class=\"slide-text-bg2\"><span>&nbsp; Adres : Sanayi Sitesi A Blok 15 Nolu Cadde No:3 Gaziantep\/T\u00fcrkiye Tel : +90 342 235 30 34 \u00a0\u00a0+90 342 235 30 44 mobil1:+90 539 604 33 57 (Kuray Ta?<\/span><\/div>\n<div class=\"slide-btn-area-sm\"><a href=\"http:\/\/ekampana.com\/?page_id=26\" class=\"slide-btn-sm\">Devam\u0131n\u0131 oku<\/a><\/div>\n","protected":false},"author":1,"featured_media":0,"parent":0,"menu_order":0,"comment_status":"closed","ping_status":"closed","template":"fullwidth.php","meta":{"footnotes":""},"_links":{"self":[{"href":"http:\/\/ekampana.com\/index.php?rest_route=\/wp\/v2\/pages\/26"}],"collection":[{"href":"http:\/\/ekampana.com\/index.php?rest_route=\/wp\/v2\/pages"}],"about":[{"href":"http:\/\/ekampana.com\/index.php?rest_route=\/wp\/v2\/types\/page"}],"author":[{"embeddable":true,"href":"http:\/\/ekampana.com\/index.php?rest_route=\/wp\/v2\/users\/1"}],"replies":[{"embeddable":true,"href":"http:\/\/ekampana.com\/index.php?rest_route=%2Fwp%2Fv2%2Fcomments&post=26"}],"version-history":[{"count":37,"href":"http:\/\/ekampana.com\/index.php?rest_route=\/wp\/v2\/pages\/26\/revisions"}],"predecessor-version":[{"id":171,"href":"http:\/\/ekampana.com\/index.php?rest_route=\/wp\/v2\/pages\/26\/revisions\/171"}],"wp:attachment":[{"href":"http:\/\/ekampana.com\/index.php?rest_route=%2Fwp%2Fv2%2Fmedia&parent=26"}],"curies":[{"name":"wp","href":"https:\/\/api.w.org\/{rel}","templated":true}]}}