{"id":21,"date":"2017-09-30T15:58:07","date_gmt":"2017-09-30T12:58:07","guid":{"rendered":"http:\/\/ekampana.com\/?page_id=21"},"modified":"2017-10-04T12:34:20","modified_gmt":"2017-10-04T09:34:20","slug":"hakkimizda-2","status":"publish","type":"page","link":"http:\/\/ekampana.com\/?page_id=21","title":{"rendered":"Hakk\u0131m\u0131zda"},"content":{"rendered":"<p><img loading=\"lazy\" decoding=\"async\" class=\"size-full wp-image-125 alignleft\" src=\"http:\/\/ekampana.com\/wp-content\/uploads\/2017\/10\/logokucuk.jpg\" alt=\"\" width=\"200\" height=\"50\" \/><\/p>\n<p style=\"text-align: left;\">\u015eirketimiz 1970 y\u0131l\u0131nda kurulmu\u015ftur. Ge\u00e7en 35 y\u0131ll\u0131k zamanda geli\u015fen her t\u00fcrl\u00fc teknolojiye g\u00f6re kendini yenileyen firmam\u0131z, e\u011fitimli personeli,bilin\u00e7li y\u00f6netimiyle yurt i\u00e7i ve yurt d\u0131\u015f\u0131nda kendine sayg\u0131n bir yer ednimi\u015ftir.<\/p>\n<p>Bug\u00fcn 1500 metrekare kapal\u0131 alanda y\u0131ll\u0131k 1200 ton d\u00f6k\u00fcm, 16 000 adet Kampana Forya \u00fcretim kapasitesine ula\u015fm\u0131\u015f durumday\u0131z. Kulland\u0131\u011f\u0131 son teknoloji indiksiyon ocak ve CNC torna tezgahlar\u0131yla i\u015fleme yaparak, her a\u015famada kalite kontrol\u00fc yap\u0131lan 250 \u00fcr\u00fcn \u00e7e\u015fidinin yan\u0131 s\u0131ra iste\u011fe ba\u011fl\u0131 \u00f6zel \u00fcretim de yapmaktad\u0131r. Yap\u0131lan bu \u00fcretimler yurt i\u00e7i ve yurt d\u0131\u015f\u0131nda t\u00fcketiciyle bulu\u015fturulmaktad\u0131r.<\/p>\n<p>Kendine daima yeni hedefler koyan ve bu hedefler do\u011frultusunda \u00e7al\u0131\u015fan firmam\u0131z ge\u00e7mi\u015finden ald\u0131\u011f\u0131 g\u00fc\u00e7 ve \u00f6zg\u00fcvenle \u00a0gelece\u011fe umutla bakmaktad\u0131r.<\/p>\n","protected":false},"excerpt":{"rendered":"<div class=\"slide-text-bg2\"><span>\u015eirketimiz 1970 y\u0131l\u0131nda kurulmu\u015ftur. Ge\u00e7en 35 y\u0131ll\u0131k zamanda geli\u015fen her t\u00fcrl\u00fc teknolojiye g\u00f6re kendini yenileyen firmam\u0131z, e\u011fitimli personeli<\/span><\/div>\n<div class=\"slide-btn-area-sm\"><a href=\"http:\/\/ekampana.com\/?page_id=21\" class=\"slide-btn-sm\">Devam\u0131n\u0131 oku<\/a><\/div>\n","protected":false},"author":1,"featured_media":0,"parent":0,"menu_order":0,"comment_status":"closed","ping_status":"closed","template":"fullwidth.php","meta":{"footnotes":""},"_links":{"self":[{"href":"http:\/\/ekampana.com\/index.php?rest_route=\/wp\/v2\/pages\/21"}],"collection":[{"href":"http:\/\/ekampana.com\/index.php?rest_route=\/wp\/v2\/pages"}],"about":[{"href":"http:\/\/ekampana.com\/index.php?rest_route=\/wp\/v2\/types\/page"}],"author":[{"embeddable":true,"href":"http:\/\/ekampana.com\/index.php?rest_route=\/wp\/v2\/users\/1"}],"replies":[{"embeddable":true,"href":"http:\/\/ekampana.com\/index.php?rest_route=%2Fwp%2Fv2%2Fcomments&post=21"}],"version-history":[{"count":13,"href":"http:\/\/ekampana.com\/index.php?rest_route=\/wp\/v2\/pages\/21\/revisions"}],"predecessor-version":[{"id":165,"href":"http:\/\/ekampana.com\/index.php?rest_route=\/wp\/v2\/pages\/21\/revisions\/165"}],"wp:attachment":[{"href":"http:\/\/ekampana.com\/index.php?rest_route=%2Fwp%2Fv2%2Fmedia&parent=21"}],"curies":[{"name":"wp","href":"https:\/\/api.w.org\/{rel}","templated":true}]}}